{"id":542,"date":"2021-07-16T15:02:49","date_gmt":"2021-07-16T13:02:49","guid":{"rendered":"https:\/\/samorzad.wmi.amu.edu.pl\/?page_id=542"},"modified":"2026-01-09T00:09:19","modified_gmt":"2026-01-08T23:09:19","slug":"kola-naukowe-wmii","status":"publish","type":"page","link":"https:\/\/samorzad.wmi.amu.edu.pl\/en\/kola-naukowe-wmii\/","title":{"rendered":"Ko\u0142a Naukowe WMiI"},"content":{"rendered":"<h3>Ko\u0142o Naukowe StuDMat<\/h3>\n<p>Studenckie Interdyscyplinarne Ko\u0142o Naukowe Dydaktyki Matematyki<br \/><div class=\"su-accordion su-u-trim\"><div class=\"su-spoiler su-spoiler-style-default su-spoiler-icon-plus faq su-spoiler-closed\" data-scroll-offset=\"0\" data-anchor-in-url=\"no\"><div class=\"su-spoiler-title\" tabindex=\"0\" role=\"button\"><span class=\"su-spoiler-icon\"><\/span>Opis<\/div><div class=\"su-spoiler-content su-u-clearfix su-u-trim\">Ko\u0142o Naukowe StuDMat powsta\u0142o w kwietniu 2012 roku jako reakcja na potrzeby student\u00f3w, kt\u00f3rzy chcieli poszerzy\u0107 swoj\u0105 wiedz\u0119, umiej\u0119tno\u015bci i kompetencje ponad program obowi\u0105zkowych zaj\u0119\u0107 bloku nauczycielskiego. Ko\u0142o Naukowe StuDMat dzia\u0142a aktywnie na wielu p\u0142aszczyznach. Poznajemy konwencjonalne i niekonwencjonalne metody nauczania, a tak\u017ce zg\u0142\u0119biamy temat pomocy dydaktycznych. Wsp\u00f3\u0142pracujemy z Wydzia\u0142em Matematyki i Informatyki UAM oraz pozna\u0144skimi szko\u0142ami w zakresie organizacji wydarze\u0144 popularyzuj\u0105cych nauczanie matematyki i informatyki. <\/div><\/div>\n<div class=\"su-spoiler su-spoiler-style-default su-spoiler-icon-plus faq su-spoiler-closed\" data-scroll-offset=\"0\" data-anchor-in-url=\"no\"><div class=\"su-spoiler-title\" tabindex=\"0\" role=\"button\"><span class=\"su-spoiler-icon\"><\/span>Prezes<\/div><div class=\"su-spoiler-content su-u-clearfix su-u-trim\">Klaudia Majik, klamaj6@st.amu.edu.pl<\/div><\/div>\n<div class=\"su-spoiler su-spoiler-style-default su-spoiler-icon-plus faq su-spoiler-closed\" data-scroll-offset=\"0\" data-anchor-in-url=\"no\"><div class=\"su-spoiler-title\" tabindex=\"0\" role=\"button\"><span class=\"su-spoiler-icon\"><\/span>Kontakt mailowy<\/div><div class=\"su-spoiler-content su-u-clearfix su-u-trim\">studmat@wmi.amu.edu.pl<\/div><\/div>\n<div class=\"su-spoiler su-spoiler-style-default su-spoiler-icon-plus faq su-spoiler-closed\" data-scroll-offset=\"0\" data-anchor-in-url=\"no\"><div class=\"su-spoiler-title\" tabindex=\"0\" role=\"button\"><span class=\"su-spoiler-icon\"><\/span>Strona internetowa<\/div><div class=\"su-spoiler-content su-u-clearfix su-u-trim\"><a href=\"http:\/\/studmat.wmi.amu.edu.pl\" target=\"_blank\" rel=\"noopener\">http:\/\/studmat.wmi.amu.edu.pl<\/a><\/div><\/div>\n<div class=\"su-spoiler su-spoiler-style-default su-spoiler-icon-plus faq su-spoiler-closed\" data-scroll-offset=\"0\" data-anchor-in-url=\"no\"><div class=\"su-spoiler-title\" tabindex=\"0\" role=\"button\"><span class=\"su-spoiler-icon\"><\/span>Social media<\/div><div class=\"su-spoiler-content su-u-clearfix su-u-trim\">Facebook: <a href=\"https:\/\/facebook.com\/studmat\/\" target=\"_blank\" rel=\"noopener\">KLIK<\/a><br \/>Instagram: <a href=\"https:\/\/www.instagram.com\/studmat_wmi\/\" target=\"_blank\" rel=\"noopener\">KLIK<\/a><br \/>YouTube: <a href=\"https:\/\/www.youtube.com\/channel\/UCffa5ZnAsIjDA272x8QdxhQ\" target=\"_blank\" rel=\"noopener\">KLIK<\/a><\/div><\/div><\/div>\n<h3>Ko\u0142o Naukowe Matematyk\u00f3w<\/h3>\n<div class=\"su-accordion su-u-trim\"><div class=\"su-spoiler su-spoiler-style-default su-spoiler-icon-plus faq su-spoiler-closed\" data-scroll-offset=\"0\" data-anchor-in-url=\"no\"><div class=\"su-spoiler-title\" tabindex=\"0\" role=\"button\"><span class=\"su-spoiler-icon\"><\/span>Opis<\/div><div class=\"su-spoiler-content su-u-clearfix su-u-trim\">Celem dzia\u0142ania Ko\u0142a Naukowego Matematyk\u00f3w jest przede wszystkim poszerzanie wiedzy matematycznej poza zakres materia\u0142u obowi\u0105zuj\u0105cego na studiach. Cz\u0142onkowie Ko\u0142a przygotowuj\u0105 referaty i odczyty na tematy, kt\u00f3re ich interesuj\u0105 oraz prezentuj\u0105 je pozosta\u0142ym cz\u0142onkom. Od czasu do czasu rozwi\u0105zuj\u0105 te\u017c ciekawe zadania, przygotowuj\u0105c si\u0119 do konkurs\u00f3w matematycznych. Opr\u00f3cz tego, Ko\u0142o Naukowe Matematyk\u00f3w organizuje wyk\u0142ady popularyzatorskie dla student\u00f3w prowadzone przez pracownik\u00f3w naukowych Uniwersytetu. Cz\u0142onkowie Ko\u0142a s\u0142u\u017c\u0105 tak\u017ce pomoc\u0105 innym studentom w zrozumieniu i przyswajaniu wiadomo\u015bci ze studi\u00f3w.<\/div><\/div>\n<div class=\"su-spoiler su-spoiler-style-default su-spoiler-icon-plus faq su-spoiler-closed\" data-scroll-offset=\"0\" data-anchor-in-url=\"no\"><div class=\"su-spoiler-title\" tabindex=\"0\" role=\"button\"><span class=\"su-spoiler-icon\"><\/span>Prezes<\/div><div class=\"su-spoiler-content su-u-clearfix su-u-trim\">Dawid Andrys, dawand4@st.amu.edu.pl<\/div><\/div>\n<div class=\"su-spoiler su-spoiler-style-default su-spoiler-icon-plus faq su-spoiler-closed\" data-scroll-offset=\"0\" data-anchor-in-url=\"no\"><div class=\"su-spoiler-title\" tabindex=\"0\" role=\"button\"><span class=\"su-spoiler-icon\"><\/span>Kontakt mailowy<\/div><div class=\"su-spoiler-content su-u-clearfix su-u-trim\">knm@wmi.amu.edu.pl<\/div><\/div>\n<div class=\"su-spoiler su-spoiler-style-default su-spoiler-icon-plus faq su-spoiler-closed\" data-scroll-offset=\"0\" data-anchor-in-url=\"no\"><div class=\"su-spoiler-title\" tabindex=\"0\" role=\"button\"><span class=\"su-spoiler-icon\"><\/span>Strona internetowa<\/div><div class=\"su-spoiler-content su-u-clearfix su-u-trim\"><a href=\"http:\/\/knm.wmi.amu.edu.pl\" target=\"_blank\" rel=\"noopener\">http:\/\/knm.wmi.amu.edu.pl<\/a><\/div><\/div>\n<div class=\"su-spoiler su-spoiler-style-default su-spoiler-icon-plus faq su-spoiler-closed\" data-scroll-offset=\"0\" data-anchor-in-url=\"no\"><div class=\"su-spoiler-title\" tabindex=\"0\" role=\"button\"><span class=\"su-spoiler-icon\"><\/span>Social media<\/div><div class=\"su-spoiler-content su-u-clearfix su-u-trim\">Facebook: <a href=\"https:\/\/facebook.com\/knm.uam\/\" target=\"_blank\" rel=\"noopener\">KLIK<\/a><\/div><\/div><\/div>\n<h3>Ko\u0142o Naukowe Robotyki<\/h3>\n<div class=\"su-accordion su-u-trim\"><div class=\"su-spoiler su-spoiler-style-default su-spoiler-icon-plus faq su-spoiler-closed\" data-scroll-offset=\"0\" data-anchor-in-url=\"no\"><div class=\"su-spoiler-title\" tabindex=\"0\" role=\"button\"><span class=\"su-spoiler-icon\"><\/span>Opis<\/div><div class=\"su-spoiler-content su-u-clearfix su-u-trim\">Ko\u0142o Naukowe Robotyki dzia\u0142a na Wydziale Matematyki i Informatyki od 22 marca 2022 roku. Obecnie zrzesza 23 cz\u0142onk\u00f3w b\u0119d\u0105cych studentami WMI oraz Wydzia\u0142u Studi\u00f3w Edukacyjnych. G\u0142\u00f3wnym celem dzia\u0142alno\u015bci Ko\u0142a jest edukacja w dziedzinie Robotyki. Chcemy poszerza\u0107 wiedz\u0119 o wykorzystywaniu robot\u00f3w na zaj\u0119ciach szkolnych. Zapoznajemy si\u0119 z nowoczesnymi technologiami, korzystamy z r\u00f3\u017cnych modeli robot\u00f3w, na kt\u00f3rych prowadzimy warsztaty dla uczni\u00f3w oraz nauczycieli. Bierzemy udzia\u0142 w konferencjach, warsztatach oraz pokazach.<\/div><\/div>\n<div class=\"su-spoiler su-spoiler-style-default su-spoiler-icon-plus faq su-spoiler-closed\" data-scroll-offset=\"0\" data-anchor-in-url=\"no\"><div class=\"su-spoiler-title\" tabindex=\"0\" role=\"button\"><span class=\"su-spoiler-icon\"><\/span>Prezes<\/div><div class=\"su-spoiler-content su-u-clearfix su-u-trim\">Martyna Paliwoda, marpal22@st.amu.edu.pl<\/div><\/div>\n<div class=\"su-spoiler su-spoiler-style-default su-spoiler-icon-plus faq su-spoiler-closed\" data-scroll-offset=\"0\" data-anchor-in-url=\"no\"><div class=\"su-spoiler-title\" tabindex=\"0\" role=\"button\"><span class=\"su-spoiler-icon\"><\/span>Kontakt mailowy<\/div><div class=\"su-spoiler-content su-u-clearfix su-u-trim\">marpal22@st.amu.edu.pl<\/div><\/div>\n<div class=\"su-spoiler su-spoiler-style-default su-spoiler-icon-plus faq su-spoiler-closed\" data-scroll-offset=\"0\" data-anchor-in-url=\"no\"><div class=\"su-spoiler-title\" tabindex=\"0\" role=\"button\"><span class=\"su-spoiler-icon\"><\/span>Strona internetowa<\/div><div class=\"su-spoiler-content su-u-clearfix su-u-trim\">&#8211;<\/div><\/div>\n<div class=\"su-spoiler su-spoiler-style-default su-spoiler-icon-plus faq su-spoiler-closed\" data-scroll-offset=\"0\" data-anchor-in-url=\"no\"><div class=\"su-spoiler-title\" tabindex=\"0\" role=\"button\"><span class=\"su-spoiler-icon\"><\/span>Social media<\/div><div class=\"su-spoiler-content su-u-clearfix su-u-trim\">Facebook: <a href=\"https:\/\/www.facebook.com\/KoloNaukoweRobotykiWMI\" target=\"_blank\" rel=\"noopener\">KLIK<\/a><\/div><\/div><\/div>\n<h3>Ko\u0142o Naukowe Webrains<\/h3>\n<div class=\"su-accordion su-u-trim\"><div class=\"su-spoiler su-spoiler-style-default su-spoiler-icon-plus faq su-spoiler-closed\" data-scroll-offset=\"0\" data-anchor-in-url=\"no\"><div class=\"su-spoiler-title\" tabindex=\"0\" role=\"button\"><span class=\"su-spoiler-icon\"><\/span>Opis<\/div><div class=\"su-spoiler-content su-u-clearfix su-u-trim\"> &#8211; <\/div><\/div>\n<div class=\"su-spoiler su-spoiler-style-default su-spoiler-icon-plus faq su-spoiler-closed\" data-scroll-offset=\"0\" data-anchor-in-url=\"no\"><div class=\"su-spoiler-title\" tabindex=\"0\" role=\"button\"><span class=\"su-spoiler-icon\"><\/span>Prezes<\/div><div class=\"su-spoiler-content su-u-clearfix su-u-trim\">Szymon J\u00f3\u017awiak, szyjoz1@st.amu.edu.pl<\/div><\/div>\n<div class=\"su-spoiler su-spoiler-style-default su-spoiler-icon-plus faq su-spoiler-closed\" data-scroll-offset=\"0\" data-anchor-in-url=\"no\"><div class=\"su-spoiler-title\" tabindex=\"0\" role=\"button\"><span class=\"su-spoiler-icon\"><\/span>Kontakt mailowy<\/div><div class=\"su-spoiler-content su-u-clearfix su-u-trim\">szyjoz1@st.amu.edu.pl<\/div><\/div>\n<div class=\"su-spoiler su-spoiler-style-default su-spoiler-icon-plus faq su-spoiler-closed\" data-scroll-offset=\"0\" data-anchor-in-url=\"no\"><div class=\"su-spoiler-title\" tabindex=\"0\" role=\"button\"><span class=\"su-spoiler-icon\"><\/span>Strona internetowa<\/div><div class=\"su-spoiler-content su-u-clearfix su-u-trim\">&#8211;<\/div><\/div>\n<div class=\"su-spoiler su-spoiler-style-default su-spoiler-icon-plus faq su-spoiler-closed\" data-scroll-offset=\"0\" data-anchor-in-url=\"no\"><div class=\"su-spoiler-title\" tabindex=\"0\" role=\"button\"><span class=\"su-spoiler-icon\"><\/span>Social media<\/div><div class=\"su-spoiler-content su-u-clearfix su-u-trim\">Facebook: <a href=\"https:\/\/www.facebook.com\/profile.php?id=61573212265863\" target=\"_blank\" rel=\"noopener\">KLIK<\/a><\/div><\/div><\/div>\n<h3>Ko\u0142o Naukowe &#8222;Z Gwiazdk\u0105&#8221;<\/h3>\n<div class=\"su-accordion su-u-trim\"><div class=\"su-spoiler su-spoiler-style-default su-spoiler-icon-plus faq su-spoiler-closed\" data-scroll-offset=\"0\" data-anchor-in-url=\"no\"><div class=\"su-spoiler-title\" tabindex=\"0\" role=\"button\"><span class=\"su-spoiler-icon\"><\/span>Opis<\/div><div class=\"su-spoiler-content su-u-clearfix su-u-trim\">Celem ko\u0142a \u201cZ Gwiazdk\u0105\u201d jest promowanie nieszablonowego my\u015blenia i kreatywnego podej\u015bcia do rozwi\u0105zywania problem\u00f3w matematycznych o podwy\u017cszonym stopniu trudno\u015bci. W ramach dzia\u0142alno\u015bci ko\u0142a organizowana jest Liga Zadaniowa zach\u0119caj\u0105ca cz\u0142onk\u00f3w (i nie tylko) do systematycznej pracy. Cz\u0142onkowie Uniwersytet im. Adama Mickiewicza w Poznaniu na arenie krajowej i mi\u0119dzynarodowej poprzez udzia\u0142 w mi\u0119dzynarodowych konkursach matematycznych.<\/div><\/div>\n<div class=\"su-spoiler su-spoiler-style-default su-spoiler-icon-plus faq su-spoiler-closed\" data-scroll-offset=\"0\" data-anchor-in-url=\"no\"><div class=\"su-spoiler-title\" tabindex=\"0\" role=\"button\"><span class=\"su-spoiler-icon\"><\/span>Prezes<\/div><div class=\"su-spoiler-content su-u-clearfix su-u-trim\">Tymon Tomczak, tymtom1@st.amu.edu.pl<\/div><\/div>\n<div class=\"su-spoiler su-spoiler-style-default su-spoiler-icon-plus faq su-spoiler-closed\" data-scroll-offset=\"0\" data-anchor-in-url=\"no\"><div class=\"su-spoiler-title\" tabindex=\"0\" role=\"button\"><span class=\"su-spoiler-icon\"><\/span>Kontakt mailowy<\/div><div class=\"su-spoiler-content su-u-clearfix su-u-trim\">jgarnek@amu.edu.pl<\/div><\/div>\n<div class=\"su-spoiler su-spoiler-style-default su-spoiler-icon-plus faq su-spoiler-closed\" data-scroll-offset=\"0\" data-anchor-in-url=\"no\"><div class=\"su-spoiler-title\" tabindex=\"0\" role=\"button\"><span class=\"su-spoiler-icon\"><\/span>Strona internetowa<\/div><div class=\"su-spoiler-content su-u-clearfix su-u-trim\"><a href=\"https:\/\/zgwiazdka.wmi.amu.edu.pl\/about\/\">https:\/\/zgwiazdka.wmi.amu.edu.pl\/about\/<\/a><\/div><\/div>\n<div class=\"su-spoiler su-spoiler-style-default su-spoiler-icon-plus faq su-spoiler-closed\" data-scroll-offset=\"0\" data-anchor-in-url=\"no\"><div class=\"su-spoiler-title\" tabindex=\"0\" role=\"button\"><span class=\"su-spoiler-icon\"><\/span>Social media<\/div><div class=\"su-spoiler-content su-u-clearfix su-u-trim\">Facebook: <a href=\"https:\/\/www.facebook.com\/zgwiazdka\" target=\"_blank\" rel=\"noopener\">KLIK<\/a><\/div><\/div><\/div>\n<h3>Ko\u0142o Naukowe AI Star<\/h3>\n<div class=\"su-accordion su-u-trim\"><div class=\"su-spoiler su-spoiler-style-default su-spoiler-icon-plus faq su-spoiler-closed\" data-scroll-offset=\"0\" data-anchor-in-url=\"no\"><div class=\"su-spoiler-title\" tabindex=\"0\" role=\"button\"><span class=\"su-spoiler-icon\"><\/span>Opis<\/div><div class=\"su-spoiler-content su-u-clearfix su-u-trim\">\n<p>Jeste\u015bmy studenckim ko\u0142em naukowym zajmuj\u0105cym si\u0119 rozwojem i implementacj\u0105, a tak\u017ce poszerzaniem wiedzy w szeroko poj\u0119tej dziedzinie sztucznej inteligencji. Budujemy spo\u0142eczno\u015b\u0107 akademick\u0105 os\u00f3b udzielaj\u0105cych si\u0119 uniwersytecko i nie tylko, kt\u00f3rzy pragn\u0105 edukowa\u0107 si\u0119 w zakresie rozwoju AI. Wspieramy te\u017c dzia\u0142alno\u015b\u0107 interdyscyplinarn\u0105, kolaboruj\u0105c z innymi wydzia\u0142ami i organizacjami. Nazwa ko\u0142a wzi\u0119\u0142a si\u0119 od algorytmu wyszukiwania \u015bcie\u017cek A* (A-star), stanowi\u0105cy jeden z najstarszych fundament\u00f3w metod uczenia maszynowego.<\/div><\/div>\n<div class=\"su-spoiler su-spoiler-style-default su-spoiler-icon-plus faq su-spoiler-closed\" data-scroll-offset=\"0\" data-anchor-in-url=\"no\"><div class=\"su-spoiler-title\" tabindex=\"0\" role=\"button\"><span class=\"su-spoiler-icon\"><\/span>Prezes<\/div><div class=\"su-spoiler-content su-u-clearfix su-u-trim\">Pawe\u0142 W\u00f3jcik<\/div><\/div>\n<div class=\"su-spoiler su-spoiler-style-default su-spoiler-icon-plus faq su-spoiler-closed\" data-scroll-offset=\"0\" data-anchor-in-url=\"no\"><div class=\"su-spoiler-title\" tabindex=\"0\" role=\"button\"><span class=\"su-spoiler-icon\"><\/span>Kontakt mailowy<\/div><div class=\"su-spoiler-content su-u-clearfix su-u-trim\">aistar@wmi.amu.edu.pl<\/div><\/div>\n<div class=\"su-spoiler su-spoiler-style-default su-spoiler-icon-plus faq su-spoiler-closed\" data-scroll-offset=\"0\" data-anchor-in-url=\"no\"><div class=\"su-spoiler-title\" tabindex=\"0\" role=\"button\"><span class=\"su-spoiler-icon\"><\/span>Strona internetowa<\/div><div class=\"su-spoiler-content su-u-clearfix su-u-trim\"> <a href=\"\/en\/_wp_link_placeholder\/\" data-wplink-edit=\"true\">https:\/\/wmi.amu.edu.pl\/dla-kandydata\/kola-i-organizacje-studenckie\/kolo-naukowe-ai-star<\/a><\/div><\/div>\n<div class=\"su-spoiler su-spoiler-style-default su-spoiler-icon-plus faq su-spoiler-closed\" data-scroll-offset=\"0\" data-anchor-in-url=\"no\"><div class=\"su-spoiler-title\" tabindex=\"0\" role=\"button\"><span class=\"su-spoiler-icon\"><\/span>Social media<\/div><div class=\"su-spoiler-content su-u-clearfix su-u-trim\">GitHub: <a href=\"https:\/\/github.com\/Kolo-Naukowe-AI-Star\" target=\"_blank\" rel=\"noopener\">KLIK<\/a><\/p>\n<p>Instagram: <a href=\"http:\/\/instagram.com\/aistar_wmi\/\">KLIK<\/a><\/p>\n<p>TikTok: <a href=\"https:\/\/www.tiktok.com\/@aistar_wmi\">KLIK<\/a><\/div><\/div><\/div>\n<h3>Jak za\u0142o\u017cy\u0107 Ko\u0142o Naukowe?<\/h3>\n<p>W zwi\u0105zku z \u00a7122 Statutu UAM mog\u0105 powstawa\u0107 organizacje studenckie (m.in. Ko\u0142a Naukowe).<br \/><div class=\"su-accordion su-u-trim\"><div class=\"su-spoiler su-spoiler-style-default su-spoiler-icon-plus faq su-spoiler-closed\" data-scroll-offset=\"0\" data-anchor-in-url=\"no\"><div class=\"su-spoiler-title\" tabindex=\"0\" role=\"button\"><span class=\"su-spoiler-icon\"><\/span>Kroki post\u0119powania<\/div><div class=\"su-spoiler-content su-u-clearfix su-u-trim\">\n<ol>\n<li>Wybranie opiekuna\/opiekunki Ko\u0142a.<\/li>\n<li>Przygotowanie statutu Ko\u0142a (<a href=\"https:\/\/samorzad.wmi.amu.edu.pl\/wp-content\/uploads\/2021\/07\/statut_wz\u00f3r.doc\">WZ\u00d3R<\/a>).<\/li>\n<li>Uzyskanie aprobaty opiekuna\/opiekunki Ko\u0142a oraz Prodziekana\/Dziekana WMiI.<\/li>\n<li>Akceptacja przygotowanego statutu Ko\u0142a przez <a href=\"https:\/\/amu.edu.pl\/uniwersytet\/wyszukiwarka-pracownikow\/jednostka?id=10000835\" target=\"_blank\" rel=\"noopener\">Biuro Radc\u00f3w Prawnych UAM<\/a>.<\/li>\n<li>Z\u0142o\u017cenie wniosku do Prorektor ds. studenckich i kszta\u0142cenia.<\/li>\n<\/ol>\n<\/div><\/div><\/div>\n\n\n<p><\/p>","protected":false},"excerpt":{"rendered":"<p>Ko\u0142o Naukowe StuDMat Studenckie Interdyscyplinarne Ko\u0142o Naukowe Dydaktyki Matematyki Ko\u0142o Naukowe Matematyk\u00f3w Ko\u0142o Naukowe Robotyki Ko\u0142o Naukowe Webrains Ko\u0142o Naukowe &#8222;Z Gwiazdk\u0105&#8221; Ko\u0142o Naukowe AI Star Jak za\u0142o\u017cy\u0107 Ko\u0142o Naukowe? W zwi\u0105zku z \u00a7122 Statutu UAM mog\u0105 powstawa\u0107 organizacje studenckie (m.in. Ko\u0142a Naukowe).<\/p>","protected":false},"author":1,"featured_media":441,"parent":0,"menu_order":0,"comment_status":"closed","ping_status":"closed","template":"","meta":[],"_links":{"self":[{"href":"https:\/\/samorzad.wmi.amu.edu.pl\/en\/wp-json\/wp\/v2\/pages\/542"}],"collection":[{"href":"https:\/\/samorzad.wmi.amu.edu.pl\/en\/wp-json\/wp\/v2\/pages"}],"about":[{"href":"https:\/\/samorzad.wmi.amu.edu.pl\/en\/wp-json\/wp\/v2\/types\/page"}],"author":[{"embeddable":true,"href":"https:\/\/samorzad.wmi.amu.edu.pl\/en\/wp-json\/wp\/v2\/users\/1"}],"replies":[{"embeddable":true,"href":"https:\/\/samorzad.wmi.amu.edu.pl\/en\/wp-json\/wp\/v2\/comments?post=542"}],"version-history":[{"count":11,"href":"https:\/\/samorzad.wmi.amu.edu.pl\/en\/wp-json\/wp\/v2\/pages\/542\/revisions"}],"predecessor-version":[{"id":775,"href":"https:\/\/samorzad.wmi.amu.edu.pl\/en\/wp-json\/wp\/v2\/pages\/542\/revisions\/775"}],"wp:featuredmedia":[{"embeddable":true,"href":"https:\/\/samorzad.wmi.amu.edu.pl\/en\/wp-json\/wp\/v2\/media\/441"}],"wp:attachment":[{"href":"https:\/\/samorzad.wmi.amu.edu.pl\/en\/wp-json\/wp\/v2\/media?parent=542"}],"curies":[{"name":"wp","href":"https:\/\/api.w.org\/{rel}","templated":true}]}}