{"id":2,"date":"2020-08-25T18:58:23","date_gmt":"2020-08-25T16:58:23","guid":{"rendered":"https:\/\/samorzad-new.wmi.amu.edu.pl\/?page_id=2"},"modified":"2026-02-24T10:47:00","modified_gmt":"2026-02-24T09:47:00","slug":"o-nas","status":"publish","type":"page","link":"https:\/\/samorzad.wmi.amu.edu.pl\/en\/o-nas\/","title":{"rendered":"About us"},"content":{"rendered":"<div class=\"su-row\"><div class=\"su-column su-column-size-1-2\"><div class=\"su-column-inner su-u-clearfix su-u-trim\">Jest nas siedmioro, ka\u017cdy z nas ma inn\u0105 osobowo\u015b\u0107, inne pomys\u0142y i inn\u0105 energi\u0119. Razem tworzymy mieszank\u0119 wybuchow\u0105, kt\u00f3ra skutkuje wieloma eventami takimi jak wieczory plansz\u00f3wek, Dni Kandydata, pikniki, wycieczki w g\u00f3ry i inne, okazyjne \u015bwi\u0119ta. Dzia\u0142amy, bo chcemy czerpa\u0107 z \u017cycia jak najwi\u0119cej. Jednocze\u015bnie chcemy dawa\u0107 wiele innym, czyli studentom naszego wydzia\u0142u. Ale nie tylko!<\/p>\n<p>Poprosili\u015bmy cz\u0142onk\u00f3w RSS, \u017ceby kr\u00f3tko si\u0119 przedstawili. Chcemy, \u017ceby\u015bcie mogli nas lepiej pozna\u0107 i kontaktowa\u0107 si\u0119 z nami we wszelakich sprawach &#8211; tak, jak z przyjaci\u00f3\u0142mi, kt\u00f3rzy zawsze s\u0105 do waszej dyspozycji.<\/p>\n<p>Je\u015bli chcecie by\u0107 na bie\u017c\u0105co z tym, co organizujemy, zagl\u0105dajcie do nas od czasu do czasu. Do zobaczenia, napisania i us\u0142yszenia!<br \/>\n<\/div><\/div>\n<div class=\"su-column su-column-size-1-2\"><div class=\"su-column-inner su-u-clearfix su-u-trim\"><div class=\"su-image-carousel  su-image-carousel-has-spacing su-image-carousel-crop su-image-carousel-crop-4-3 su-image-carousel-has-outline su-image-carousel-adaptive su-image-carousel-slides-style-default su-image-carousel-controls-style-dark su-image-carousel-align-none\" style=\"\" data-flickity-options='{\"groupCells\":true,\"cellSelector\":\".su-image-carousel-item\",\"adaptiveHeight\":false,\"cellAlign\":\"left\",\"prevNextButtons\":true,\"pageDots\":true,\"autoPlay\":5000,\"imagesLoaded\":true,\"contain\":true,\"selectedAttraction\":0.025,\"friction\":0.28}' id=\"su_image_carousel_69f4da2eedbe5\"><div class=\"su-image-carousel-item\"><div class=\"su-image-carousel-item-content\"><img width=\"1019\" height=\"679\" src=\"https:\/\/samorzad.wmi.amu.edu.pl\/wp-content\/uploads\/2020\/08\/22179721_1890556754292792_5303175223042214408_o-1024x682.jpg\" class=\"\" alt=\"\" loading=\"lazy\" srcset=\"https:\/\/samorzad.wmi.amu.edu.pl\/wp-content\/uploads\/2020\/08\/22179721_1890556754292792_5303175223042214408_o-1024x682.jpg 1024w, https:\/\/samorzad.wmi.amu.edu.pl\/wp-content\/uploads\/2020\/08\/22179721_1890556754292792_5303175223042214408_o-300x200.jpg 300w, https:\/\/samorzad.wmi.amu.edu.pl\/wp-content\/uploads\/2020\/08\/22179721_1890556754292792_5303175223042214408_o-768x512.jpg 768w, https:\/\/samorzad.wmi.amu.edu.pl\/wp-content\/uploads\/2020\/08\/22179721_1890556754292792_5303175223042214408_o-525x350.jpg 525w, https:\/\/samorzad.wmi.amu.edu.pl\/wp-content\/uploads\/2020\/08\/22179721_1890556754292792_5303175223042214408_o.jpg 2000w\" sizes=\"(max-width: 1019px) 100vw, 1019px\" \/><\/div><\/div><div class=\"su-image-carousel-item\"><div class=\"su-image-carousel-item-content\"><img width=\"720\" height=\"960\" src=\"https:\/\/samorzad.wmi.amu.edu.pl\/wp-content\/uploads\/2020\/08\/28795239_1976398179100045_3042865652713889218_n.jpg\" class=\"\" alt=\"\" loading=\"lazy\" srcset=\"https:\/\/samorzad.wmi.amu.edu.pl\/wp-content\/uploads\/2020\/08\/28795239_1976398179100045_3042865652713889218_n.jpg 720w, https:\/\/samorzad.wmi.amu.edu.pl\/wp-content\/uploads\/2020\/08\/28795239_1976398179100045_3042865652713889218_n-225x300.jpg 225w, https:\/\/samorzad.wmi.amu.edu.pl\/wp-content\/uploads\/2020\/08\/28795239_1976398179100045_3042865652713889218_n-263x350.jpg 263w\" sizes=\"(max-width: 720px) 100vw, 720px\" \/><\/div><\/div><div class=\"su-image-carousel-item\"><div class=\"su-image-carousel-item-content\"><img width=\"1019\" height=\"675\" src=\"https:\/\/samorzad.wmi.amu.edu.pl\/wp-content\/uploads\/2020\/08\/45275105_2395204067219452_908338518852370432_o-1024x678.jpg\" class=\"\" alt=\"\" loading=\"lazy\" srcset=\"https:\/\/samorzad.wmi.amu.edu.pl\/wp-content\/uploads\/2020\/08\/45275105_2395204067219452_908338518852370432_o-1024x678.jpg 1024w, https:\/\/samorzad.wmi.amu.edu.pl\/wp-content\/uploads\/2020\/08\/45275105_2395204067219452_908338518852370432_o-300x199.jpg 300w, https:\/\/samorzad.wmi.amu.edu.pl\/wp-content\/uploads\/2020\/08\/45275105_2395204067219452_908338518852370432_o-768x509.jpg 768w, https:\/\/samorzad.wmi.amu.edu.pl\/wp-content\/uploads\/2020\/08\/45275105_2395204067219452_908338518852370432_o-528x350.jpg 528w, https:\/\/samorzad.wmi.amu.edu.pl\/wp-content\/uploads\/2020\/08\/45275105_2395204067219452_908338518852370432_o.jpg 1848w\" sizes=\"(max-width: 1019px) 100vw, 1019px\" \/><\/div><\/div><div class=\"su-image-carousel-item\"><div class=\"su-image-carousel-item-content\"><img width=\"1019\" height=\"675\" src=\"https:\/\/samorzad.wmi.amu.edu.pl\/wp-content\/uploads\/2020\/08\/24837649_1852442108162320_7663562268570263670_o-1024x678.jpg\" class=\"\" alt=\"\" loading=\"lazy\" srcset=\"https:\/\/samorzad.wmi.amu.edu.pl\/wp-content\/uploads\/2020\/08\/24837649_1852442108162320_7663562268570263670_o-1024x678.jpg 1024w, https:\/\/samorzad.wmi.amu.edu.pl\/wp-content\/uploads\/2020\/08\/24837649_1852442108162320_7663562268570263670_o-300x199.jpg 300w, https:\/\/samorzad.wmi.amu.edu.pl\/wp-content\/uploads\/2020\/08\/24837649_1852442108162320_7663562268570263670_o-768x509.jpg 768w, https:\/\/samorzad.wmi.amu.edu.pl\/wp-content\/uploads\/2020\/08\/24837649_1852442108162320_7663562268570263670_o-529x350.jpg 529w, https:\/\/samorzad.wmi.amu.edu.pl\/wp-content\/uploads\/2020\/08\/24837649_1852442108162320_7663562268570263670_o.jpg 2048w\" sizes=\"(max-width: 1019px) 100vw, 1019px\" \/><\/div><\/div><div class=\"su-image-carousel-item\"><div class=\"su-image-carousel-item-content\"><img width=\"1019\" height=\"496\" src=\"https:\/\/samorzad.wmi.amu.edu.pl\/wp-content\/uploads\/2020\/08\/52684431_2642259119180611_8058888428747489280_o-1024x498.jpg\" class=\"\" alt=\"\" loading=\"lazy\" srcset=\"https:\/\/samorzad.wmi.amu.edu.pl\/wp-content\/uploads\/2020\/08\/52684431_2642259119180611_8058888428747489280_o-1024x498.jpg 1024w, https:\/\/samorzad.wmi.amu.edu.pl\/wp-content\/uploads\/2020\/08\/52684431_2642259119180611_8058888428747489280_o-300x146.jpg 300w, https:\/\/samorzad.wmi.amu.edu.pl\/wp-content\/uploads\/2020\/08\/52684431_2642259119180611_8058888428747489280_o-768x373.jpg 768w, https:\/\/samorzad.wmi.amu.edu.pl\/wp-content\/uploads\/2020\/08\/52684431_2642259119180611_8058888428747489280_o-611x297.jpg 611w, https:\/\/samorzad.wmi.amu.edu.pl\/wp-content\/uploads\/2020\/08\/52684431_2642259119180611_8058888428747489280_o.jpg 2016w\" sizes=\"(max-width: 1019px) 100vw, 1019px\" \/><\/div><\/div><div class=\"su-image-carousel-item\"><div class=\"su-image-carousel-item-content\"><img width=\"1019\" height=\"764\" src=\"https:\/\/samorzad.wmi.amu.edu.pl\/wp-content\/uploads\/2020\/08\/59859031_2338410539538068_3115997738160881664_o-1024x768.jpg\" class=\"\" alt=\"\" loading=\"lazy\" srcset=\"https:\/\/samorzad.wmi.amu.edu.pl\/wp-content\/uploads\/2020\/08\/59859031_2338410539538068_3115997738160881664_o-1024x768.jpg 1024w, https:\/\/samorzad.wmi.amu.edu.pl\/wp-content\/uploads\/2020\/08\/59859031_2338410539538068_3115997738160881664_o-300x225.jpg 300w, https:\/\/samorzad.wmi.amu.edu.pl\/wp-content\/uploads\/2020\/08\/59859031_2338410539538068_3115997738160881664_o-768x576.jpg 768w, https:\/\/samorzad.wmi.amu.edu.pl\/wp-content\/uploads\/2020\/08\/59859031_2338410539538068_3115997738160881664_o-467x350.jpg 467w, https:\/\/samorzad.wmi.amu.edu.pl\/wp-content\/uploads\/2020\/08\/59859031_2338410539538068_3115997738160881664_o.jpg 1440w\" sizes=\"(max-width: 1019px) 100vw, 1019px\" \/><\/div><\/div><div class=\"su-image-carousel-item\"><div class=\"su-image-carousel-item-content\"><img width=\"1019\" height=\"719\" src=\"https:\/\/samorzad.wmi.amu.edu.pl\/wp-content\/uploads\/2020\/08\/44278022_2359915157415010_8749114386456510464_o-1024x723.jpg\" class=\"\" alt=\"\" loading=\"lazy\" srcset=\"https:\/\/samorzad.wmi.amu.edu.pl\/wp-content\/uploads\/2020\/08\/44278022_2359915157415010_8749114386456510464_o-1024x723.jpg 1024w, https:\/\/samorzad.wmi.amu.edu.pl\/wp-content\/uploads\/2020\/08\/44278022_2359915157415010_8749114386456510464_o-300x212.jpg 300w, https:\/\/samorzad.wmi.amu.edu.pl\/wp-content\/uploads\/2020\/08\/44278022_2359915157415010_8749114386456510464_o-768x542.jpg 768w, https:\/\/samorzad.wmi.amu.edu.pl\/wp-content\/uploads\/2020\/08\/44278022_2359915157415010_8749114386456510464_o-496x350.jpg 496w, https:\/\/samorzad.wmi.amu.edu.pl\/wp-content\/uploads\/2020\/08\/44278022_2359915157415010_8749114386456510464_o.jpg 2048w\" sizes=\"(max-width: 1019px) 100vw, 1019px\" \/><\/div><\/div><div class=\"su-image-carousel-item\"><div class=\"su-image-carousel-item-content\"><img width=\"1019\" height=\"675\" src=\"https:\/\/samorzad.wmi.amu.edu.pl\/wp-content\/uploads\/2020\/08\/45340711_2395204153886110_6246272218196606976_o-1024x678.jpg\" class=\"\" alt=\"\" loading=\"lazy\" srcset=\"https:\/\/samorzad.wmi.amu.edu.pl\/wp-content\/uploads\/2020\/08\/45340711_2395204153886110_6246272218196606976_o-1024x678.jpg 1024w, https:\/\/samorzad.wmi.amu.edu.pl\/wp-content\/uploads\/2020\/08\/45340711_2395204153886110_6246272218196606976_o-300x199.jpg 300w, https:\/\/samorzad.wmi.amu.edu.pl\/wp-content\/uploads\/2020\/08\/45340711_2395204153886110_6246272218196606976_o-768x509.jpg 768w, https:\/\/samorzad.wmi.amu.edu.pl\/wp-content\/uploads\/2020\/08\/45340711_2395204153886110_6246272218196606976_o-528x350.jpg 528w, https:\/\/samorzad.wmi.amu.edu.pl\/wp-content\/uploads\/2020\/08\/45340711_2395204153886110_6246272218196606976_o.jpg 1848w\" sizes=\"(max-width: 1019px) 100vw, 1019px\" \/><\/div><\/div><div class=\"su-image-carousel-item\"><div class=\"su-image-carousel-item-content\"><img width=\"1019\" height=\"675\" src=\"https:\/\/samorzad.wmi.amu.edu.pl\/wp-content\/uploads\/2020\/08\/45249946_2395204587219400_4145524231058227200_o-1024x678.jpg\" class=\"\" alt=\"\" loading=\"lazy\" srcset=\"https:\/\/samorzad.wmi.amu.edu.pl\/wp-content\/uploads\/2020\/08\/45249946_2395204587219400_4145524231058227200_o-1024x678.jpg 1024w, https:\/\/samorzad.wmi.amu.edu.pl\/wp-content\/uploads\/2020\/08\/45249946_2395204587219400_4145524231058227200_o-300x199.jpg 300w, https:\/\/samorzad.wmi.amu.edu.pl\/wp-content\/uploads\/2020\/08\/45249946_2395204587219400_4145524231058227200_o-768x509.jpg 768w, https:\/\/samorzad.wmi.amu.edu.pl\/wp-content\/uploads\/2020\/08\/45249946_2395204587219400_4145524231058227200_o-528x350.jpg 528w, https:\/\/samorzad.wmi.amu.edu.pl\/wp-content\/uploads\/2020\/08\/45249946_2395204587219400_4145524231058227200_o.jpg 1848w\" sizes=\"(max-width: 1019px) 100vw, 1019px\" \/><\/div><\/div><\/div><script id=\"su_image_carousel_69f4da2eedbe5_script\">if(window.SUImageCarousel){setTimeout(function() {window.SUImageCarousel.initGallery(document.getElementById(\"su_image_carousel_69f4da2eedbe5\"))}, 0);}var su_image_carousel_69f4da2eedbe5_script=document.getElementById(\"su_image_carousel_69f4da2eedbe5_script\");if(su_image_carousel_69f4da2eedbe5_script){su_image_carousel_69f4da2eedbe5_script.parentNode.removeChild(su_image_carousel_69f4da2eedbe5_script);}<\/script><\/div><\/div><\/div>\n\n\n\n<h2>RSS WMiI members<\/h2>\n\n\n<div class=\"su-table su-table-alternate su-table-fixed\">\n<table>\n<tbody>\n<tr>\n<td style=\"width: 50%\"><strong>Name and surname<\/strong><\/td>\n<td>e-mail<\/td>\n<td>Student<\/td>\n<\/tr>\n<tr>\n<td>Szymon Grobelski <span class=\"su-label su-label-type-important\">chairman<\/span> <span class=\"su-label su-label-type-important\">Delegat do PSS<\/span><\/td>\n<td><a href=\"mailto:szygro2@st.amu.edu.pl\">szygro2@st.amu.edu.pl<\/a><\/td>\n<td>II rok, I stopnia, Matematyka<\/td>\n<\/tr>\n<tr>\n<td>Aleksandra Giedziun <span class=\"su-label su-label-type-important\">Wicerzewodnicz\u0105ca<\/span><\/td>\n<td><a href=\"mailto:alegie8@st.amu.edu.pl\">alegie8@st.amu.edu.pl<\/a><\/td>\n<td>I rok II stopnia, Nauczanie Matematyki i Informatyki<\/td>\n<\/tr>\n<tr>\n<td>Kacper Czepczy\u0144ski <span class=\"su-label su-label-type-important\">secretary<\/span><\/td>\n<td><a href=\"mailto:kaccze3@st.amu.edu.pl\">kaccze3@st.amu.edu.pl<\/a><\/td>\n<td>II rok II stopnia, Matematyka<\/td>\n<\/tr>\n<tr>\n<td>Hanna Zofia Kobylacka <span class=\"su-label su-label-type-important\">Pe\u0142nomocnik ds. Nadzoru System\u00f3w Informacyjnych i Struktur Samorz\u0105dowych<\/span><\/td>\n<td><a href=\"mailto:hankob1@st.amu.edu.pl\">hankob1@st.amu.edu.pl<\/a><\/td>\n<td>II rok, I stopnia, Matematyka<\/td>\n<\/tr>\n<tr>\n<td>Wiktoria Siejek <span class=\"su-label su-label-type-important\">Pe\u0142nomocnik ds. Social Medi\u00f3w<\/span><\/td>\n<td><a href=\"mailto:wiksie4@st.amu.edu.pll\">wiksie4@st.amu.edu.pl<\/a><\/td>\n<td>I rok, I stopnia, Matematyka<\/td>\n<\/tr>\n<tr>\n<td>Paulina Anna Maciejewska <span class=\"su-label su-label-type-important\">Pe\u0142nomocnik ds. Przestrzeni Studenckiej<\/span><\/td>\n<td><a href=\"mailto:paumac13@st.amu.edu.pl\">paumac13@st.amu.edu.pl<\/a><\/td>\n<td>III rok I stopnia, Informatyka<\/td>\n<\/tr>\n<tr>\n<td>Jakub Pawe\u0142 Ga\u0142gan <\/td>\n<td><a href=\"mailto:jakgal9@st.amu.edu.pl\">jakgal9@st.amu.edu.pl<\/a><\/td>\n<td>III rok I stopnia, Informatyka<\/td>\n<\/tr>\n<tr>\n<td>Alicja Wendt<\/td>\n<td><a href=\"mailto:aliwen1@s.tamu.edu.pl\">aliwen1@s.tamu.edu.pl<\/a><\/td>\n<td>II rok, I stopnia, Matematyka<\/td>\n<\/tr>\n<tr>\n<td>Alma Dziopek<\/td>\n<td><a href=\"mailto:almdzi@st.amu.edu.pl\">almdzi@st.amu.edu.p<\/a><\/td>\n<td>III rok, I stopnia, Informatyka<\/td>\n<\/tr>\n<tr>\n<td>Roch Piotr Zaremba<\/td>\n<td><a href=\"mailto:roczar@st.amu.edu.pl\">roczar@st.amu.edu.pl<\/a><\/td>\n<td>III rok I stopnia, Informatyka<\/td>\n<\/tr>\n<\/tbody>\n<\/table>\n<\/div>\n\n\n\n<h2>Osoby wsp\u00f3\u0142pracuj\u0105ce z RSS WMiI<\/h2>\n\n\n\n<div class=\"wp-block-columns\">\n<div class=\"wp-block-column\" style=\"flex-basis:100%\">\n<div class=\"wp-block-group\"><div class=\"wp-block-group__inner-container\">\n<div class=\"wp-block-group\"><div class=\"wp-block-group__inner-container\">\n<div class=\"wp-block-columns\">\n<div class=\"wp-block-column\" style=\"flex-basis:100%\">\n<div class=\"wp-block-columns\">\n<div class=\"wp-block-column\" style=\"flex-basis:100%\">\n<div class=\"wp-block-group\"><div class=\"wp-block-group__inner-container\">\n<div class=\"wp-block-columns\">\n<div class=\"wp-block-column\" style=\"flex-basis:100%\">\n<div class=\"wp-block-group\"><div class=\"wp-block-group__inner-container\">\n<figure class=\"wp-block-table is-style-regular\"><table><tbody><tr><td class=\"has-text-align-left\" data-align=\"left\"><strong>Name and surname<\/strong><\/td><td class=\"has-text-align-left\" data-align=\"left\">e-mail<\/td><td class=\"has-text-align-left\" data-align=\"left\">Student<\/td><\/tr><tr><td class=\"has-text-align-left\" data-align=\"left\">Ernest Ro\u017cniakowski (Pe\u0142nomocnik ds. Wolontariatu)<\/td><td class=\"has-text-align-left\" data-align=\"left\"><a href=\"mailto:ernroz@st.amu.edu.pl\">ernroz7@st.amu.edu.pl<\/a><\/td><td class=\"has-text-align-left\" data-align=\"left\">II rok I stopnia, Matematyka<\/td><\/tr><tr><td class=\"has-text-align-left\" data-align=\"left\">Justyna K\u0119dzierska<\/td><td class=\"has-text-align-left\" data-align=\"left\"><a href=\"mailto:jusked@st.amu.edu.pl\">jusked@st.amu.edu.pl<\/a><\/td><td class=\"has-text-align-left\" data-align=\"left\">III rok I stopnia, Matematyka<\/td><\/tr><tr><td class=\"has-text-align-left\" data-align=\"left\">Tymoteusz Juskowiak<\/td><td class=\"has-text-align-left\" data-align=\"left\"><a href=\"mailto:tymjus@st.amu.edu.pl\">tymjus@st.amu.edu.pl<\/a><\/td><td class=\"has-text-align-left\" data-align=\"left\">I rok I stopnia, Informatyka<\/td><\/tr><tr><td class=\"has-text-align-left\" data-align=\"left\">Dominika Ko\u0142odziejczak<\/td><td class=\"has-text-align-left\" data-align=\"left\"><a href=\"mailto:domkol19@st.amu.edu.pl\">domkol19@st.amu.edu.pl<\/a><\/td><td class=\"has-text-align-left\" data-align=\"left\">I rok II stopnia, Filologia polska<\/td><\/tr><tr><td class=\"has-text-align-left\" data-align=\"left\">Jakub \u0141\u0105czkowski<\/td><td class=\"has-text-align-left\" data-align=\"left\"><a href=\"mailto:jaklac3@st.amu.edu.pl\">jaklac3@st.amu.edu.pl<\/a><\/td><td class=\"has-text-align-left\" data-align=\"left\">III rok I stopnia, Informatyka<\/td><\/tr><tr><td class=\"has-text-align-left\" data-align=\"left\">Oskar Owczarek<\/td><td class=\"has-text-align-left\" data-align=\"left\"><a href=\"mailto:oskowc@st.amu.edu.pl\">oskowc@st.amu.edu.pl<\/a><\/td><td class=\"has-text-align-left\" data-align=\"left\">I rok I stopnia, Informatyka<\/td><\/tr><tr><td class=\"has-text-align-left\" data-align=\"left\">Magdalena Darska<\/td><td class=\"has-text-align-left\" data-align=\"left\"><a href=\"mailto:magdar@st.amu.edu.pl\">magdar@st.amu.edu.pl<\/a><\/td><td class=\"has-text-align-left\" data-align=\"left\">I rok I stopnia, Ba\u0142kanistyka<\/td><\/tr><tr><td class=\"has-text-align-left\" data-align=\"left\">Ma\u0142gorzata Rutkowska<\/td><td class=\"has-text-align-left\" data-align=\"left\"><a href=\"mailto:malrut1@st.amu.edu.pl\">malrut1@st.amu.edu.pl<\/a><\/td><td class=\"has-text-align-left\" data-align=\"left\">II rok I stopnia, Matematyka<\/td><\/tr><tr><td class=\"has-text-align-left\" data-align=\"left\">Jan Czajkowski<\/td><td class=\"has-text-align-left\" data-align=\"left\"><a href=\"mailto:jancza7@st.amu.edu.pl\">jancza7@st.amu.edu.pl<\/a><\/td><td class=\"has-text-align-left\" data-align=\"left\">II rok II stopnia, Informatyka<\/td><\/tr><tr><td class=\"has-text-align-left\" data-align=\"left\">Igor Angrot<\/td><td class=\"has-text-align-left\" data-align=\"left\"><a href=\"mailto:igoang@st.amu.edu.pl\">igoang@st.amu.edu.pl<\/a><\/td><td class=\"has-text-align-left\" data-align=\"left\">II rok I stopnia, Matematyka<\/td><\/tr><tr><td class=\"has-text-align-left\" data-align=\"left\">Kacper R\u00f3\u017ca\u0144ski<\/td><td class=\"has-text-align-left\" data-align=\"left\"><a href=\"mailto:kacroz4@st.amu.edu.pl\">kacroz4@st.amu.edu.pl<\/a><\/td><td class=\"has-text-align-left\" data-align=\"left\">II rok I stopnia, Matematyka<\/td><\/tr><\/tbody><\/table><\/figure>\n\n\n\n<p><\/p>\n<\/div><\/div>\n<\/div>\n<\/div>\n<\/div><\/div>\n<\/div>\n<\/div>\n<\/div>\n<\/div>\n<\/div><\/div>\n<\/div><\/div>\n<\/div>\n<\/div>\n\n\n\n<p><\/p>","protected":false},"excerpt":{"rendered":"<p>Cz\u0142onkowie RSS WMiI Osoby wsp\u00f3\u0142pracuj\u0105ce z RSS WMiI<\/p>","protected":false},"author":1,"featured_media":155,"parent":0,"menu_order":0,"comment_status":"closed","ping_status":"open","template":"","meta":[],"_links":{"self":[{"href":"https:\/\/samorzad.wmi.amu.edu.pl\/en\/wp-json\/wp\/v2\/pages\/2"}],"collection":[{"href":"https:\/\/samorzad.wmi.amu.edu.pl\/en\/wp-json\/wp\/v2\/pages"}],"about":[{"href":"https:\/\/samorzad.wmi.amu.edu.pl\/en\/wp-json\/wp\/v2\/types\/page"}],"author":[{"embeddable":true,"href":"https:\/\/samorzad.wmi.amu.edu.pl\/en\/wp-json\/wp\/v2\/users\/1"}],"replies":[{"embeddable":true,"href":"https:\/\/samorzad.wmi.amu.edu.pl\/en\/wp-json\/wp\/v2\/comments?post=2"}],"version-history":[{"count":64,"href":"https:\/\/samorzad.wmi.amu.edu.pl\/en\/wp-json\/wp\/v2\/pages\/2\/revisions"}],"predecessor-version":[{"id":781,"href":"https:\/\/samorzad.wmi.amu.edu.pl\/en\/wp-json\/wp\/v2\/pages\/2\/revisions\/781"}],"wp:featuredmedia":[{"embeddable":true,"href":"https:\/\/samorzad.wmi.amu.edu.pl\/en\/wp-json\/wp\/v2\/media\/155"}],"wp:attachment":[{"href":"https:\/\/samorzad.wmi.amu.edu.pl\/en\/wp-json\/wp\/v2\/media?parent=2"}],"curies":[{"name":"wp","href":"https:\/\/api.w.org\/{rel}","templated":true}]}}